{"id":1193,"date":"2021-07-04T14:12:04","date_gmt":"2021-07-04T12:12:04","guid":{"rendered":"https:\/\/www.mssd.us.edu.pl\/en\/?page_id=1193"},"modified":"2022-05-13T19:26:10","modified_gmt":"2022-05-13T17:26:10","slug":"irp_ipb","status":"publish","type":"page","link":"https:\/\/www.mssd.us.edu.pl\/en\/irp_ipb\/","title":{"rendered":"Submission of the Individual Research Plan \/ Z\u0142o\u017cenie Indywidualnego Planu Badawczego"},"content":{"rendered":"<p><img decoding=\"async\" class=\"\" src=\"https:\/\/www.mssd.us.edu.pl\/wp-content\/uploads\/2020\/06\/doc.png\" alt=\"\" width=\"42\" height=\"43\" \/><a href=\"https:\/\/www.mssd.us.edu.pl\/wp-content\/uploads\/2022\/05\/2022_Zarzadzenie-nr-4_2022_Zalacznik-2_IEDS_individual_research_plan_EN.docx\"><strong>Individual Research Plan Template<\/strong><\/a> \/ <a href=\"https:\/\/www.mssd.us.edu.pl\/wp-content\/uploads\/2022\/05\/2022_Zarzadenie-nr-4_2022_Zalacznik-1_MSSD_indywidualny-plan-badawczy_PL.docx\"><strong>Formularz Indywidualnego Planu Badawczego<\/strong><\/a><\/p>\n\n<div class=\"wpcf7 no-js\" id=\"wpcf7-f1203-o1\" lang=\"pl-PL\" dir=\"ltr\" data-wpcf7-id=\"1203\">\n<div class=\"screen-reader-response\"><p role=\"status\" aria-live=\"polite\" aria-atomic=\"true\"><\/p> <ul><\/ul><\/div>\n<form action=\"\/en\/wp-json\/wp\/v2\/pages\/1193#wpcf7-f1203-o1\" method=\"post\" class=\"wpcf7-form init\" aria-label=\"Formularz kontaktowy\" enctype=\"multipart\/form-data\" novalidate=\"novalidate\" data-status=\"init\">\n<fieldset class=\"hidden-fields-container\"><input type=\"hidden\" name=\"_wpcf7\" value=\"1203\" \/><input type=\"hidden\" name=\"_wpcf7_version\" value=\"6.1.5\" \/><input type=\"hidden\" name=\"_wpcf7_locale\" value=\"pl_PL\" \/><input type=\"hidden\" name=\"_wpcf7_unit_tag\" value=\"wpcf7-f1203-o1\" \/><input type=\"hidden\" name=\"_wpcf7_container_post\" value=\"0\" \/><input type=\"hidden\" name=\"_wpcf7_posted_data_hash\" value=\"\" \/><input type=\"hidden\" name=\"_wpcf7_recaptcha_response\" value=\"\" \/>\n<\/fieldset>\n<p><b><a style=\"color: #226390;\">Submit the Individual Research Plan via the IEDS website<\/a><\/b> \/ <b><a style=\"color: #84bbe1;\">Z\u0142\u00f3\u017c formularz Indywidualny Plan Badawczy przez stron\u0119 internetow\u0105 M\u015aSD<\/a><\/b>\n<\/p>\n<h5><i><a style=\"color: #cc0033;\">*<\/a>Required information \/ Wymagane informacje<\/i>\n<\/h5>\n<p><label> <b><a style=\"color: #226390;\">First Name<\/a> \/ <a style=\"color: #84bbe1;\">Imi\u0119<\/a><a style=\"color: #cc0033;\">*<\/a><\/b><br \/>\n<span class=\"wpcf7-form-control-wrap\" data-name=\"first-name\"><input size=\"40\" maxlength=\"400\" class=\"wpcf7-form-control wpcf7-text wpcf7-validates-as-required\" aria-required=\"true\" aria-invalid=\"false\" value=\"\" type=\"text\" name=\"first-name\" \/><\/span> <\/label><br \/>\n<label> <b><a style=\"color: #226390;\">Last Name<\/a> \/ <a style=\"color: #84bbe1;\">Nazwisko<\/a><a style=\"color: #cc0033;\">*<\/a><\/b><br \/>\n<span class=\"wpcf7-form-control-wrap\" data-name=\"last-name\"><input size=\"40\" maxlength=\"400\" class=\"wpcf7-form-control wpcf7-text wpcf7-validates-as-required\" aria-required=\"true\" aria-invalid=\"false\" value=\"\" type=\"text\" name=\"last-name\" \/><\/span> <\/label><br \/>\n<label> <b><a style=\"color: #226390;\">E-mail Address<\/a> \/ <a style=\"color: #84bbe1;\">Adres E-mail<\/a><a style=\"color: #cc0033;\">*<\/a><\/b><br \/>\n<span class=\"wpcf7-form-control-wrap\" data-name=\"your-email\"><input size=\"40\" maxlength=\"400\" class=\"wpcf7-form-control wpcf7-email wpcf7-validates-as-required wpcf7-text wpcf7-validates-as-email\" aria-required=\"true\" aria-invalid=\"false\" value=\"\" type=\"email\" name=\"your-email\" \/><\/span> <\/label><br \/>\n<label> <b><a style=\"color: #226390;\">Confirm E-mail Address<\/a> \/ <a style=\"color: #84bbe1;\">Potwierd\u017a Adres E-mail<\/a><a style=\"color: #cc0033;\">*<\/a><\/b><br \/>\n<span class=\"wpcf7-form-control-wrap\" data-name=\"conf-email\"><input size=\"40\" maxlength=\"400\" class=\"wpcf7-form-control wpcf7-email wpcf7-validates-as-required wpcf7-text wpcf7-validates-as-email\" aria-required=\"true\" aria-invalid=\"false\" value=\"\" type=\"email\" name=\"conf-email\" \/><\/span> <\/label><br \/>\n<label> <b><a style=\"color: #226390;\">Student record book number<\/a> \/ <a style=\"color: #84bbe1;\">Nr albumu<\/a><a style=\"color: #cc0033;\">*<\/a><\/b><br \/>\n<span class=\"wpcf7-form-control-wrap\" data-name=\"nr\"><input size=\"40\" maxlength=\"400\" class=\"wpcf7-form-control wpcf7-text wpcf7-validates-as-required\" aria-required=\"true\" aria-invalid=\"false\" value=\"\" type=\"text\" name=\"nr\" \/><\/span> <\/label>\n<\/p>\n<p><label> <b><a style=\"color: #226390;\">Individual Research Plan<\/a> \/ <a style=\"color: #84bbe1;\">Indywidualny Plan Badawczy<\/a><a style=\"color: #cc0033;\">*<\/a><\/b> <span class=\"wpcf7-form-control-wrap\" data-name=\"file-993\"><input size=\"40\" class=\"wpcf7-form-control wpcf7-file wpcf7-validates-as-required\" accept=\".pdf,.jpg\" aria-required=\"true\" aria-invalid=\"false\" type=\"file\" name=\"file-993\" \/><\/span><\/label>\n<\/p>\n<h5>limit:2mb filetypes:pdf|jpg\n<\/h5>\n\n<p><input class=\"wpcf7-form-control wpcf7-submit has-spinner\" type=\"submit\" value=\"Submit\" \/>\n<\/p><div class=\"wpcf7-response-output\" aria-hidden=\"true\"><\/div>\n<\/form>\n<\/div>\n\n","protected":false},"excerpt":{"rendered":"<p>Individual Research Plan Template \/ Formularz Indywidualnego Planu Badawczego<\/p>\n","protected":false},"author":1,"featured_media":0,"parent":0,"menu_order":0,"comment_status":"closed","ping_status":"closed","template":"","meta":{"footnotes":""},"class_list":["post-1193","page","type-page","status-publish","hentry"],"_links":{"self":[{"href":"https:\/\/www.mssd.us.edu.pl\/en\/wp-json\/wp\/v2\/pages\/1193","targetHints":{"allow":["GET"]}}],"collection":[{"href":"https:\/\/www.mssd.us.edu.pl\/en\/wp-json\/wp\/v2\/pages"}],"about":[{"href":"https:\/\/www.mssd.us.edu.pl\/en\/wp-json\/wp\/v2\/types\/page"}],"author":[{"embeddable":true,"href":"https:\/\/www.mssd.us.edu.pl\/en\/wp-json\/wp\/v2\/users\/1"}],"replies":[{"embeddable":true,"href":"https:\/\/www.mssd.us.edu.pl\/en\/wp-json\/wp\/v2\/comments?post=1193"}],"version-history":[{"count":13,"href":"https:\/\/www.mssd.us.edu.pl\/en\/wp-json\/wp\/v2\/pages\/1193\/revisions"}],"predecessor-version":[{"id":1653,"href":"https:\/\/www.mssd.us.edu.pl\/en\/wp-json\/wp\/v2\/pages\/1193\/revisions\/1653"}],"wp:attachment":[{"href":"https:\/\/www.mssd.us.edu.pl\/en\/wp-json\/wp\/v2\/media?parent=1193"}],"curies":[{"name":"wp","href":"https:\/\/api.w.org\/{rel}","templated":true}]}}