{"id":1263,"date":"2021-07-28T10:50:59","date_gmt":"2021-07-28T08:50:59","guid":{"rendered":"https:\/\/www.mssd.us.edu.pl\/en\/?page_id=1263"},"modified":"2022-03-11T10:52:33","modified_gmt":"2022-03-11T09:52:33","slug":"competition-for-funding-of-scientific-activity-konkurs-na-finansowanie-aktywnosci-naukowej","status":"publish","type":"page","link":"https:\/\/www.mssd.us.edu.pl\/en\/competition-for-funding-of-scientific-activity-konkurs-na-finansowanie-aktywnosci-naukowej\/","title":{"rendered":"Call for proposals for financing Doctoral Students&#8217; scientific activity \/ Konkurs na finansowanie aktywno\u015bci naukowej"},"content":{"rendered":"\n<div class=\"wpcf7 no-js\" id=\"wpcf7-f1561-o1\" lang=\"pl-PL\" dir=\"ltr\" data-wpcf7-id=\"1561\">\n<div class=\"screen-reader-response\"><p role=\"status\" aria-live=\"polite\" aria-atomic=\"true\"><\/p> <ul><\/ul><\/div>\n<form action=\"\/en\/wp-json\/wp\/v2\/pages\/1263#wpcf7-f1561-o1\" method=\"post\" class=\"wpcf7-form init\" aria-label=\"Formularz kontaktowy\" enctype=\"multipart\/form-data\" novalidate=\"novalidate\" data-status=\"init\">\n<fieldset class=\"hidden-fields-container\"><input type=\"hidden\" name=\"_wpcf7\" value=\"1561\" \/><input type=\"hidden\" name=\"_wpcf7_version\" value=\"6.1.5\" \/><input type=\"hidden\" name=\"_wpcf7_locale\" value=\"pl_PL\" \/><input type=\"hidden\" name=\"_wpcf7_unit_tag\" value=\"wpcf7-f1561-o1\" \/><input type=\"hidden\" name=\"_wpcf7_container_post\" value=\"0\" \/><input type=\"hidden\" name=\"_wpcf7_posted_data_hash\" value=\"\" \/><input type=\"hidden\" name=\"_wpcf7_recaptcha_response\" value=\"\" \/>\n<\/fieldset>\n<p><b><a style=\"color: #226390;\">Submit the application form for financing Doctoral Students' scientific activity<\/a><\/b> \/ <b><a style=\"color: #84bbe1;\">Z\u0142\u00f3\u017c wniosek konkursowy na finansowanie aktywno\u015bci naukowej<\/a><\/b>\n<\/p>\n<h5><i><a style=\"color: #cc0033;\">*<\/a>Required information \/ Wymagane informacje<\/i>\n<\/h5>\n<p><label> <b><a style=\"color: #226390;\">First Name<\/a> \/ <a style=\"color: #84bbe1;\">Imi\u0119<\/a><a style=\"color: #cc0033;\">*<\/a><\/b><br \/>\n<span class=\"wpcf7-form-control-wrap\" data-name=\"first-name\"><input size=\"40\" maxlength=\"400\" class=\"wpcf7-form-control wpcf7-text wpcf7-validates-as-required\" aria-required=\"true\" aria-invalid=\"false\" value=\"\" type=\"text\" name=\"first-name\" \/><\/span> <\/label><br \/>\n<label> <b><a style=\"color: #226390;\">Last Name<\/a> \/ <a style=\"color: #84bbe1;\">Nazwisko<\/a><a style=\"color: #cc0033;\">*<\/a><\/b><br \/>\n<span class=\"wpcf7-form-control-wrap\" data-name=\"last-name\"><input size=\"40\" maxlength=\"400\" class=\"wpcf7-form-control wpcf7-text wpcf7-validates-as-required\" aria-required=\"true\" aria-invalid=\"false\" value=\"\" type=\"text\" name=\"last-name\" \/><\/span> <\/label><br \/>\n<label> <b><a style=\"color: #226390;\">E-mail Address<\/a> \/ <a style=\"color: #84bbe1;\">Adres E-mail<\/a><a style=\"color: #cc0033;\">*<\/a><\/b><br \/>\n<span class=\"wpcf7-form-control-wrap\" data-name=\"your-email\"><input size=\"40\" maxlength=\"400\" class=\"wpcf7-form-control wpcf7-email wpcf7-validates-as-required wpcf7-text wpcf7-validates-as-email\" aria-required=\"true\" aria-invalid=\"false\" value=\"\" type=\"email\" name=\"your-email\" \/><\/span> <\/label><br \/>\n<label> <b><a style=\"color: #226390;\">Confirm E-mail Address<\/a> \/ <a style=\"color: #84bbe1;\">Potwierd\u017a Adres E-mail<\/a><a style=\"color: #cc0033;\">*<\/a><\/b><br \/>\n<span class=\"wpcf7-form-control-wrap\" data-name=\"conf-email\"><input size=\"40\" maxlength=\"400\" class=\"wpcf7-form-control wpcf7-email wpcf7-validates-as-required wpcf7-text wpcf7-validates-as-email\" aria-required=\"true\" aria-invalid=\"false\" value=\"\" type=\"email\" name=\"conf-email\" \/><\/span> <\/label><br \/>\n<label> <b><a style=\"color: #226390;\">Student record book number<\/a> \/ <a style=\"color: #84bbe1;\">Nr albumu<\/a><a style=\"color: #cc0033;\">*<\/a><\/b><br \/>\n<span class=\"wpcf7-form-control-wrap\" data-name=\"nr\"><input size=\"40\" maxlength=\"400\" class=\"wpcf7-form-control wpcf7-text wpcf7-validates-as-required\" aria-required=\"true\" aria-invalid=\"false\" value=\"\" type=\"text\" name=\"nr\" \/><\/span> <\/label><br \/>\n<b><a style=\"color: #226390;\">Year of doctoral school<\/a> \/ <a style=\"color: #84bbe1;\">Rok studi\u00f3w<\/a><a style=\"color: #cc0033;\">*<\/a><\/b><br \/>\n<span class=\"wpcf7-form-control-wrap\" data-name=\"checkbox-648\"><span class=\"wpcf7-form-control wpcf7-checkbox wpcf7-validates-as-required\"><span class=\"wpcf7-list-item first\"><label><input type=\"checkbox\" name=\"checkbox-648[]\" value=\"1st year\/ I rok\" \/><span class=\"wpcf7-list-item-label\">1st year\/ I rok<\/span><\/label><\/span><span class=\"wpcf7-list-item\"><label><input type=\"checkbox\" name=\"checkbox-648[]\" value=\"2nd year \/ II rok\" \/><span class=\"wpcf7-list-item-label\">2nd year \/ II rok<\/span><\/label><\/span><span class=\"wpcf7-list-item\"><label><input type=\"checkbox\" name=\"checkbox-648[]\" value=\"3rd year \/ III rok\" \/><span class=\"wpcf7-list-item-label\">3rd year \/ III rok<\/span><\/label><\/span><span class=\"wpcf7-list-item last\"><label><input type=\"checkbox\" name=\"checkbox-648[]\" value=\"4th year \/ IV rok\" \/><span class=\"wpcf7-list-item-label\">4th year \/ IV rok<\/span><\/label><\/span><\/span><\/span>\n<\/p>\n<p><label> <b><a style=\"color: #226390;\">Application form<\/a> \/ <a style=\"color: #84bbe1;\">Wniosek konkursowy<\/a><a style=\"color: #cc0033;\">*<\/a><\/b> <span class=\"wpcf7-form-control-wrap\" data-name=\"file-774\"><input size=\"40\" class=\"wpcf7-form-control wpcf7-file wpcf7-validates-as-required\" accept=\".pdf,.jpg\" aria-required=\"true\" aria-invalid=\"false\" type=\"file\" name=\"file-774\" \/><\/span><\/label>\n<\/p>\n<h5>limit:2mb filetypes:pdf|jpg\n<\/h5>\n\n<p><input class=\"wpcf7-form-control wpcf7-submit has-spinner\" type=\"submit\" value=\"Submit\" \/>\n<\/p><div class=\"wpcf7-response-output\" aria-hidden=\"true\"><\/div>\n<\/form>\n<\/div>\n\n","protected":false},"excerpt":{"rendered":"","protected":false},"author":1,"featured_media":0,"parent":0,"menu_order":0,"comment_status":"closed","ping_status":"closed","template":"","meta":{"footnotes":""},"class_list":["post-1263","page","type-page","status-publish","hentry"],"_links":{"self":[{"href":"https:\/\/www.mssd.us.edu.pl\/en\/wp-json\/wp\/v2\/pages\/1263","targetHints":{"allow":["GET"]}}],"collection":[{"href":"https:\/\/www.mssd.us.edu.pl\/en\/wp-json\/wp\/v2\/pages"}],"about":[{"href":"https:\/\/www.mssd.us.edu.pl\/en\/wp-json\/wp\/v2\/types\/page"}],"author":[{"embeddable":true,"href":"https:\/\/www.mssd.us.edu.pl\/en\/wp-json\/wp\/v2\/users\/1"}],"replies":[{"embeddable":true,"href":"https:\/\/www.mssd.us.edu.pl\/en\/wp-json\/wp\/v2\/comments?post=1263"}],"version-history":[{"count":4,"href":"https:\/\/www.mssd.us.edu.pl\/en\/wp-json\/wp\/v2\/pages\/1263\/revisions"}],"predecessor-version":[{"id":1267,"href":"https:\/\/www.mssd.us.edu.pl\/en\/wp-json\/wp\/v2\/pages\/1263\/revisions\/1267"}],"wp:attachment":[{"href":"https:\/\/www.mssd.us.edu.pl\/en\/wp-json\/wp\/v2\/media?parent=1263"}],"curies":[{"name":"wp","href":"https:\/\/api.w.org\/{rel}","templated":true}]}}