{"id":2163,"date":"2023-07-03T20:46:29","date_gmt":"2023-07-03T18:46:29","guid":{"rendered":"https:\/\/www.mssd.us.edu.pl\/en\/?page_id=2163"},"modified":"2023-07-03T20:46:29","modified_gmt":"2023-07-03T18:46:29","slug":"ieds-addmission","status":"publish","type":"page","link":"https:\/\/www.mssd.us.edu.pl\/en\/ieds-addmission\/","title":{"rendered":"IEDS  addmission"},"content":{"rendered":"\n<div class=\"wpcf7 no-js\" id=\"wpcf7-f2162-o1\" lang=\"pl-PL\" dir=\"ltr\" data-wpcf7-id=\"2162\">\n<div class=\"screen-reader-response\"><p role=\"status\" aria-live=\"polite\" aria-atomic=\"true\"><\/p> <ul><\/ul><\/div>\n<form action=\"\/en\/wp-json\/wp\/v2\/pages\/2163#wpcf7-f2162-o1\" method=\"post\" class=\"wpcf7-form init\" aria-label=\"Formularz kontaktowy\" enctype=\"multipart\/form-data\" novalidate=\"novalidate\" data-status=\"init\">\n<fieldset class=\"hidden-fields-container\"><input type=\"hidden\" name=\"_wpcf7\" value=\"2162\" \/><input type=\"hidden\" name=\"_wpcf7_version\" value=\"6.1.5\" \/><input type=\"hidden\" name=\"_wpcf7_locale\" value=\"pl_PL\" \/><input type=\"hidden\" name=\"_wpcf7_unit_tag\" value=\"wpcf7-f2162-o1\" \/><input type=\"hidden\" name=\"_wpcf7_container_post\" value=\"0\" \/><input type=\"hidden\" name=\"_wpcf7_posted_data_hash\" value=\"\" \/><input type=\"hidden\" name=\"_wpcf7_recaptcha_response\" value=\"\" \/>\n<\/fieldset>\n<p><b><a style=\"color: #226390;\">Submit the Doctoral project and list of scientific achievements form and attachments via the IEDS website<\/a><\/b> \/ <b><a style=\"color: #84bbe1;\">Z\u0142\u00f3\u017c formularz konspektu projektu doktorskiego i wykazu osi\u0105gni\u0119\u0107 naukowych kandydata oraz za\u0142\u0105czniki przez stron\u0119 internetow\u0105 M\u015aSD<\/a><\/b>\n<\/p>\n<h5><i><a style=\"color: #cc0033;\">*<\/a>Required information \/ Wymagane informacje<\/i>\n<\/h5>\n<p><label> <b><a style=\"color: #226390;\">First Name<\/a> \/ <a style=\"color: #84bbe1;\">Imi\u0119<\/a><a style=\"color: #cc0033;\">*<\/a><\/b><br \/>\n<span class=\"wpcf7-form-control-wrap\" data-name=\"first-name\"><input size=\"40\" maxlength=\"400\" class=\"wpcf7-form-control wpcf7-text wpcf7-validates-as-required\" aria-required=\"true\" aria-invalid=\"false\" value=\"\" type=\"text\" name=\"first-name\" \/><\/span> <\/label><br \/>\n<label> <b><a style=\"color: #226390;\">Last Name<\/a> \/ <a style=\"color: #84bbe1;\">Nazwisko<\/a><a style=\"color: #cc0033;\">*<\/a><\/b><br \/>\n<span class=\"wpcf7-form-control-wrap\" data-name=\"last-name\"><input size=\"40\" maxlength=\"400\" class=\"wpcf7-form-control wpcf7-text wpcf7-validates-as-required\" aria-required=\"true\" aria-invalid=\"false\" value=\"\" type=\"text\" name=\"last-name\" \/><\/span> <\/label><br \/>\n<label> <b><a style=\"color: #226390;\">E-mail Address<\/a> \/ <a style=\"color: #84bbe1;\">Adres E-mail<\/a><a style=\"color: #cc0033;\">*<\/a><\/b><br \/>\n<span class=\"wpcf7-form-control-wrap\" data-name=\"your-email\"><input size=\"40\" maxlength=\"400\" class=\"wpcf7-form-control wpcf7-email wpcf7-validates-as-required wpcf7-text wpcf7-validates-as-email\" aria-required=\"true\" aria-invalid=\"false\" value=\"\" type=\"email\" name=\"your-email\" \/><\/span> <\/label><br \/>\n<label> <b><a style=\"color: #226390;\">Confirm E-mail Address<\/a> \/ <a style=\"color: #84bbe1;\">Potwierd\u017a Adres E-mail<\/a><a style=\"color: #cc0033;\">*<\/a><\/b><br \/>\n<span class=\"wpcf7-form-control-wrap\" data-name=\"conf-email\"><input size=\"40\" maxlength=\"400\" class=\"wpcf7-form-control wpcf7-email wpcf7-validates-as-required wpcf7-text wpcf7-validates-as-email\" aria-required=\"true\" aria-invalid=\"false\" value=\"\" type=\"email\" name=\"conf-email\" \/><\/span> <\/label>\n<\/p>\n<p><label><b><a style=\"color: #226390;\">Title of PhD project<\/a> \/ <a style=\"color: #84bbe1;\">Temat projektu doktorskiego<\/a><a style=\"color: #cc0033;\">*<\/a><\/b><br \/>\n<span class=\"wpcf7-form-control-wrap\" data-name=\"temat\"><input size=\"40\" maxlength=\"400\" class=\"wpcf7-form-control wpcf7-text wpcf7-validates-as-required\" aria-required=\"true\" aria-invalid=\"false\" value=\"\" type=\"text\" name=\"temat\" \/><\/span> <\/label>\n<\/p>\n<p><label> <b><a style=\"color: #226390;\">Doctoral project and list of scientific achievements<\/a> \/ <a style=\"color: #84bbe1;\">Konspekt projektu doktorskiego i wykaz osi\u0105gni\u0119\u0107 naukowych kandydata oraz za\u0142\u0105czniki<\/a><a style=\"color: #cc0033;\">*<\/a><\/b> <span class=\"wpcf7-form-control-wrap\" data-name=\"file-550\"><input size=\"40\" class=\"wpcf7-form-control wpcf7-file wpcf7-validates-as-required\" accept=\".pdf,.jpg\" aria-required=\"true\" aria-invalid=\"false\" type=\"file\" name=\"file-550\" \/><\/span> <\/label>\n<\/p>\n<p><label> <b><a style=\"color: #226390;\">Documents confirming the list\u2019s authenticity; other documents specified in qualification criteria set out for the given research topic<\/a> \/ <a style=\"color: #84bbe1;\">Dokumenty okre\u015blone w kryteriach kwalifikacji do poszczeg\u00f3lnych temat\u00f3w<\/a><a style=\"color: #cc0033;\">*<\/a><\/b> <span class=\"wpcf7-form-control-wrap\" data-name=\"file-979\"><input size=\"40\" class=\"wpcf7-form-control wpcf7-file wpcf7-validates-as-required\" accept=\".pdf,.jpg,.zip\" aria-required=\"true\" aria-invalid=\"false\" type=\"file\" name=\"file-979\" \/><\/span> <\/label>\n<\/p>\n<h5>limit:1mb filetypes:pdf|jpg|zip; merged pdf is recommended\n<\/h5>\n<p><label><\/label>\n<\/p>\n<h6><span class=\"wpcf7-form-control-wrap\" data-name=\"GDPRinformationclause\"><span class=\"wpcf7-form-control wpcf7-checkbox wpcf7-validates-as-required wpcf7-exclusive-checkbox\"><span class=\"wpcf7-list-item first last\"><label><input type=\"checkbox\" name=\"GDPRinformationclause\" value=\"I hereby give consent for my personal data to be processed by the University of Silesia in Katowice for the purpose of application for admission to the International Environmental Doctoral School associated with the Centre for Polar Studies at the University of Silesia in Katowice. \/ Wyra\u017cam zgod\u0119 na przetwarzanie moich danych osobowych przez Uniwersytet \u015al\u0105ski w Katowicach an potrzeby procesu rekrutacji do Mi\u0119dzynarodowej \u015arodowiskowej Szko\u0142y Doktorskiej przy Centrum Studi\u00f3w Polarnych w Uniwersytecie \u015al\u0105skim w Katowicach.\" \/><span class=\"wpcf7-list-item-label\">I hereby give consent for my personal data to be processed by the University of Silesia in Katowice for the purpose of application for admission to the International Environmental Doctoral School associated with the Centre for Polar Studies at the University of Silesia in Katowice. \/ Wyra\u017cam zgod\u0119 na przetwarzanie moich danych osobowych przez Uniwersytet \u015al\u0105ski w Katowicach an potrzeby procesu rekrutacji do Mi\u0119dzynarodowej \u015arodowiskowej Szko\u0142y Doktorskiej przy Centrum Studi\u00f3w Polarnych w Uniwersytecie \u015al\u0105skim w Katowicach.<\/span><\/label><\/span><\/span><\/span> <img decoding=\"async\" class=\"wp-image-63 alignleft\" src=\"https:\/\/www.mssd.us.edu.pl\/wp-content\/uploads\/2019\/06\/znaczek-pdf-download-300x256-300x256.jpg\" alt=\"\" width=\"32\" height=\"24\" \/> <br \/>\n<a href=\"https:\/\/www.mssd.us.edu.pl\/en\/wp-content\/uploads\/2021\/06\/GDPR-information-clause.pdf\" target=\"_blank\" rel=\"noopener noreferrer\"><strong>GDPR information clause [EN]<\/strong><\/a> \/ <a href=\"https:\/\/www.mssd.us.edu.pl\/en\/wp-content\/uploads\/2021\/06\/klauzula_RODO.pdf\" target=\"_blank\" rel=\"noopener noreferrer\">Klauzula informacyjna RODO [PL]<\/a>\n<\/h6>\n\n<p><input class=\"wpcf7-form-control wpcf7-submit has-spinner\" type=\"submit\" value=\"Submit\" \/>\n<\/p><div class=\"wpcf7-response-output\" aria-hidden=\"true\"><\/div>\n<\/form>\n<\/div>\n\n","protected":false},"excerpt":{"rendered":"","protected":false},"author":1,"featured_media":0,"parent":0,"menu_order":0,"comment_status":"closed","ping_status":"closed","template":"","meta":{"footnotes":""},"class_list":["post-2163","page","type-page","status-publish","hentry"],"_links":{"self":[{"href":"https:\/\/www.mssd.us.edu.pl\/en\/wp-json\/wp\/v2\/pages\/2163","targetHints":{"allow":["GET"]}}],"collection":[{"href":"https:\/\/www.mssd.us.edu.pl\/en\/wp-json\/wp\/v2\/pages"}],"about":[{"href":"https:\/\/www.mssd.us.edu.pl\/en\/wp-json\/wp\/v2\/types\/page"}],"author":[{"embeddable":true,"href":"https:\/\/www.mssd.us.edu.pl\/en\/wp-json\/wp\/v2\/users\/1"}],"replies":[{"embeddable":true,"href":"https:\/\/www.mssd.us.edu.pl\/en\/wp-json\/wp\/v2\/comments?post=2163"}],"version-history":[{"count":3,"href":"https:\/\/www.mssd.us.edu.pl\/en\/wp-json\/wp\/v2\/pages\/2163\/revisions"}],"predecessor-version":[{"id":2166,"href":"https:\/\/www.mssd.us.edu.pl\/en\/wp-json\/wp\/v2\/pages\/2163\/revisions\/2166"}],"wp:attachment":[{"href":"https:\/\/www.mssd.us.edu.pl\/en\/wp-json\/wp\/v2\/media?parent=2163"}],"curies":[{"name":"wp","href":"https:\/\/api.w.org\/{rel}","templated":true}]}}