{"id":53,"date":"2019-06-11T08:14:16","date_gmt":"2019-06-11T06:14:16","guid":{"rendered":"https:\/\/www.mssd.us.edu.pl\/en\/?page_id=53"},"modified":"2019-10-17T15:36:18","modified_gmt":"2019-10-17T13:36:18","slug":"contact","status":"publish","type":"page","link":"https:\/\/www.mssd.us.edu.pl\/en\/contact\/","title":{"rendered":"Contact"},"content":{"rendered":"<p><strong>VENUE:<\/strong> Faculty of Natural Sciences, University of Silesia, 60 B\u0119dzi\u0144ska Street, 41-200 Sosnowiec, Poland, room 105, 1st floor<\/p>\n<p><strong>SECRETARIAT:<\/strong> PhD Micha\u0142 Ciep\u0142y michal.cieply[at]us.edu.pl; polarknow[at]us.edu.pl; phone: +48 32 368 93 80<\/p>\n<p><strong>CONTACT FORM:<\/strong><\/p>\n<p class=\"wpcf7-contact-form-not-found\"><strong>B\u0142\u0105d:<\/strong> Brak formularza kontaktowego.<\/p>\n<p><strong>ORGANISATIONAL UNITS:<\/strong><\/p>\n<p><iframe src=\"https:\/\/www.google.com\/maps\/d\/embed?mid=1dJN96biAraRvis-oaXTcLYme41-I6v-t\" width=\"640\" height=\"480\"><\/iframe><\/p>\n","protected":false},"excerpt":{"rendered":"<p>VENUE: Faculty of Natural Sciences, University of Silesia, 60 B\u0119dzi\u0144ska Street, 41-200 Sosnowiec, Poland, room 105, 1st floor SECRETARIAT: PhD Micha\u0142 Ciep\u0142y michal.cieply[at]us.edu.pl; polarknow[at]us.edu.pl; phone: +48 32 368 93<\/p>\n<p><a class=\"more-link\" href=\"https:\/\/www.mssd.us.edu.pl\/en\/contact\/\">Read More<\/a><\/p>\n","protected":false},"author":1,"featured_media":0,"parent":0,"menu_order":0,"comment_status":"closed","ping_status":"closed","template":"","meta":{"footnotes":""},"class_list":["post-53","page","type-page","status-publish","hentry"],"_links":{"self":[{"href":"https:\/\/www.mssd.us.edu.pl\/en\/wp-json\/wp\/v2\/pages\/53","targetHints":{"allow":["GET"]}}],"collection":[{"href":"https:\/\/www.mssd.us.edu.pl\/en\/wp-json\/wp\/v2\/pages"}],"about":[{"href":"https:\/\/www.mssd.us.edu.pl\/en\/wp-json\/wp\/v2\/types\/page"}],"author":[{"embeddable":true,"href":"https:\/\/www.mssd.us.edu.pl\/en\/wp-json\/wp\/v2\/users\/1"}],"replies":[{"embeddable":true,"href":"https:\/\/www.mssd.us.edu.pl\/en\/wp-json\/wp\/v2\/comments?post=53"}],"version-history":[{"count":15,"href":"https:\/\/www.mssd.us.edu.pl\/en\/wp-json\/wp\/v2\/pages\/53\/revisions"}],"predecessor-version":[{"id":272,"href":"https:\/\/www.mssd.us.edu.pl\/en\/wp-json\/wp\/v2\/pages\/53\/revisions\/272"}],"wp:attachment":[{"href":"https:\/\/www.mssd.us.edu.pl\/en\/wp-json\/wp\/v2\/media?parent=53"}],"curies":[{"name":"wp","href":"https:\/\/api.w.org\/{rel}","templated":true}]}}