{"id":98,"date":"2019-06-14T10:07:36","date_gmt":"2019-06-14T08:07:36","guid":{"rendered":"https:\/\/www.mssd.us.edu.pl\/en\/?page_id=98"},"modified":"2026-01-12T15:31:52","modified_gmt":"2026-01-12T14:31:52","slug":"phd-students","status":"publish","type":"page","link":"https:\/\/www.mssd.us.edu.pl\/en\/phd-students\/","title":{"rendered":"PhD candidates"},"content":{"rendered":"<p><strong>Publications of the IEDS PhD candidates:<\/strong><\/p>\n<p><strong>2025<\/strong><\/p>\n<ul>\n<li>Szymczycha, B., Diak, M., Hong, W., B\u00f6ttcher, M. E., Lepland, A., Makuch, P., Hietbrink, S. T., <strong>Saghravani, S. R.<\/strong>, Sen, A., Winogradow, A., &amp; Silberberger, M. J. (2025). Submarine groundwater discharge and gas hydrate dissociation fuel organic matter formation in Arctic fjord sediments. <i>Marine Chemistry<\/i>, <i>273<\/i>, 104570. <span class=\"url\">https:\/\/doi.org\/10.1016\/j.marchem.2025.104570<\/span>.<\/li>\n<li>Pham Van Tien, Vu Cao Minh, Dao Minh Duc, Dao Hai Nam &amp; <strong>Tran Trung Hieu<\/strong>, 2025. Rainfall-induced catastrophic rapid and long-traveling landslide in Lang Nu hamlet: the worst natural landslide disaster in Vietnam. Landslide. Published: 11 March 2025. Volume 22, pages 1761\u20131767, (2025) <a href=\"https:\/\/doi.org\/10.1007\/s10346-025-02490-2\">https:\/\/doi.org\/10.1007\/s10346-025-02490-2<\/a><\/li>\n<li>Hang, Phung Thi Thu, Renat Shakirov, Bui Van Thom, L\u00ea Van Dung, Nadezhda Syrbu, <strong>Tran Trung Hieu<\/strong>, Phung Thi Ngoc Anh, Tran Hoang Yen. 2025. Assessment of the tectonic activity of the Muong La\u2013Bac Yen\u2013Cho Bo Fault (Northwest Vietnam) by analysis of geomorphological indices. GeoHazards 6, no. 2: 16. <a href=\"https:\/\/doi.org\/10.3390\/geohazards6020016\">https:\/\/doi.org\/10.3390\/geohazards6020016<\/a><\/li>\n<li><strong>Tran Trung Hieu<\/strong>, 2025. Identification of inundated area by debris flow using LAHARZ model -A case study in Ho Bon, Mu Cang Chai, Yen Bai. Conference: EGU25. DOI: 10.5194\/egusphere-egu25-2336<\/li>\n<li><strong>Hieu Trung Tran<\/strong>, Tien Van Pham, Quan Cong Nguyen, Cuong Quoc Tran, Hai Thanh Pham, Dung Van Chu, Thanh Trung Nguyen, Anh Duc Nguyen, Thao Phuong Bui, 2025. Identification of inundated area by debris flow using LAHARZ model &#8211; A case study in the Trong La catchment in Ho Bon, Mu Cang Chai, Yen Bai. (2025), Journal of Mining and Earth Sciences., 66, 1 (Feb, 2025), 31-42. https:\/\/doi.org\/10.46326\/JMES.2025.66(1).04.<\/li>\n<li>Phong Tran, Nhat Vuong Hong, Trinh Phan Trong, Cam Lai Vinh, Dieu Bui Tien, Binh Thai Pham, Prakash Indra, <strong>Tran Trung Hieu<\/strong>. 2025. Mapping Cadmium Contamination Potential in Surface Soil for Civil Engineering Applications: A Comparative Study of Machine Learning and Deep Learning Models in the Gianh River Basin, Vietnam. Journal of Science and Transport Technology Vol. 5 No. 2, 48-70. DOI:\u00a0<a href=\"https:\/\/doi.org\/10.58845\/jstt.utt.2025.en.5.2.48-70\">https:\/\/doi.org\/10.58845\/jstt.utt.2025.en.5.2.48-70<\/a><\/li>\n<li><strong>Tran Trung Hieu<\/strong>, Dao Dinh Cham, Pham Van Tien, Nguyen Cong Quan, Pham Thanh Hai, Nguyen Duc Anh, Bui Phuong Thao, Tran Thi Thuy Van, Ngo Quoc Trinh, Nguyen Trung Thanh, Tran Quoc Cuong, 2025. Landslide detection and susceptibility analysis:\u00a0 A case study in Pieng stream catchment, Son La province. Journal of Science and Transport Technology.<\/li>\n<li>Reza Naghedi, Farzad Piadeh, Xiao Huang % Meiliu Wu (2025). Real-time Transportation-Based Flood Warning System: A Case Study in Downtown London. The EGU General Assembly 2025.<\/li>\n<li><strong>Riaz, Malik<\/strong> &amp; Wani, Saad &amp; Basharat, Muhammad &amp; Riaz, Muhammad &amp; <strong>Manocha, Akshay<\/strong>. (2025). Evaluating the Efficiency and Predictive Accuracy of Temporal Susceptibility Models for Co-Seismic Landslides Using Real-Time Validation: A Case Study from the NW Himalayas. 10.5194\/egusphere-egu25-13226.<\/li>\n<li><strong>Manocha, Akshay<\/strong> &amp; <strong>Riaz, Malik.<\/strong> (2025). Integrating UAV Mapping and Spline-Based Modeling for Landslide Volume Estimation: A Case Study of Landslides in Himachal Pradesh. 10.5194\/egusphere-egu25-13202.<\/li>\n<li><strong>Manocha, Akshay<\/strong>. (2025). LANDSLIDE DEFORMATION AND TEMPORAL PREDICTION OF SLOPE FAILURE IN HIMALAYAN TERRAIN USING INSAR TIME SERIES.. 10.3850\/GRF-25280825_isgsr-231-P267-cd.<\/li>\n<li>Luqman, Muhammad &amp; Awan, Umer &amp; Arooj, Fariha &amp; Khalid, Awais &amp; Muhammad Afzaal, Dr &amp; Shahid, Tehreem &amp; <strong>Niazi, Aliza<\/strong> &amp; Yang, Hsi-Hsien &amp; Khan, Hayat. (2025). Exploring microplastic pollution in the pristine Ghar-e-Tangi cave: First evidence from Pakistan\u2019s subterranean ecosystem. Archives of Biological Sciences. 77. 2-2. 10.2298\/ABS241122002L.<\/li>\n<li><strong>Manocha, Akshay<\/strong> &amp; Kumar, Neeraj &amp; Kumar, Ajay. (2025). Spline-Based Volume Estimation of Landslides Using Different Dems: Case Studies of the Kotropi and Prashar Lake Landslides, Northwestern Himalaya. 10.2139\/ssrn.5333284.<\/li>\n<li>Irfan, Urwa &amp; Shaheen, Hamayun &amp; Manzoor, Muhammad &amp; Nasar, Sidra &amp; Khan, Raja Waqar &amp; Gillani, Syed Waseem &amp; Alrefaei, Abdulwahed &amp; Attique, Arbaz &amp; Kamal, Asif &amp; Abdul Razak, Sarah &amp; <strong>Riaz, Malik<\/strong>. (2025). Population structure, floral diversity, habitat geography, and conservation status of Himalayan horse chestnut (Aesculus indica) in western Himalayan moist temperate forest ecosystems of Kashmir region. Frontiers in Forests and Global Change. 7. 10.3389\/ffgc.2024.1388607.<\/li>\n<li><strong>Godziek, J<\/strong>., Pawlik, \u0141., &amp; Buma, B. (2025). The Mapping and Analysis of the Infrequent, Large\u2010Scale Blowdown Event in the Colorado Front Range. <em>Land Degradation &amp; Development<\/em>, 36(10), 3604-3620.\u00a0<a href=\"https:\/\/doi.org\/10.1002\/ldr.5623\" target=\"_blank\" rel=\"noopener noreferrer\">https:\/\/doi.org\/10.1002\/ldr.5623<\/a><\/li>\n<\/ul>\n<div><\/div>\n<p><strong>2024<\/strong><\/p>\n<ul>\n<li>Piwosz K., Ameryk A., Wd\u00f3wka K., Mordec M., <strong>Uroosa<\/strong>, Chuvakova A., Khan S, Lacaran J.V. 2024. Vertical distribution of heterotrophic nanoflagellates in the Baltic Proper. Oceanologia Vol. 67 (1). https:\/\/doi.org\/10.5697\/jmzs3739.<\/li>\n<li><strong>Aguado Gonzalo F<\/strong>, Stokowski M, Koziorowska-Makuch K, Makuch P, Beszczy\u0144ska-M\u00f6ller A, Kukli\u0144ski P and Kuli\u0144ski K. 2024. Key processes controlling the variability of the summer marine CO2 system in Fram Strait surface waters. Front. Mar. Sci. 11:1464653. doi:10.3389\/fmars.2024.1464653<\/li>\n<li>Syed Shabi Ul Hassan Kazmi, Muhammad Tayyab, <strong>Uroosa<\/strong>, Paolo Pastorino, Dami\u00e0 Barcel\u00f2, Sohrab Khan, Zaher Mundher Yaseen. 2024. Vertical variations and environmental heterogeneity drove the symphony of periphytic protozoan fauna in marine ecosystems. Science of The Total Environment 932. <a href=\"https:\/\/doi.org\/10.1016\/j.scitotenv.2024.173115\">https:\/\/doi.org\/10.1016\/j.scitotenv.2024.173115<\/a>.<\/li>\n<li><span style=\"font-weight: 400;\"><strong>Osika, A<\/strong>., &amp; Jania, J. 2024. Geomorphological and historical records of the surge-type behaviour of Hansbreen (Svalbard). Annals of Glaciology, 1\u201318. doi:10.1017\/aog.2024.32<\/span><\/li>\n<li>\n<div><strong>Janusz Godziek<\/strong>. 2024. Root plates of uprooted trees &#8211; Automatic detection and biotransport estimation using LiDAR data and field mapping. International Journal of Applied Earth Observation and Geoinformation 131 (103992).\u00a0<a href=\"https:\/\/doi.org\/10.1016\/j.jag.2024.103992\" target=\"_blank\" rel=\"noopener noreferrer\">https:\/\/doi.org\/10.1016\/j.jag.2024.103992<\/a><\/div>\n<\/li>\n<li>Magdalena Opa\u0142a-Owczarek, Piotr Owczarek, <strong>Mohit Phulara<\/strong>, Zuzanna Bielec-B\u0105kowska, Zuzanna Wawrzyniak. 2024. Dendrochronology and extreme climate signals recorded in seven Icelandic shrubs: A multi-species approach in the sub-Arctic,<br \/>\nDendrochronologia 85. <a href=\"https:\/\/doi.org\/10.1016\/j.dendro.2024.126207.\">https:\/\/doi.org\/10.1016\/j.dendro.2024.126207.<\/a><\/li>\n<li>Piotr Owczarek, <strong>Mohit Phulara<\/strong>, Pavlo Shuber, Bartosz Korabiewski, Marek B\u0142a\u015b, Magdalena Opa\u0142a-Owczarek. 2024. Varied growth response of high alpine Rhododendron myrtifolium and forest zone tree species to climate warming in the Eastern Carpathians, Ukraine. Dendrochronologia 85. <a href=\"https:\/\/doi.org\/10.1016\/j.dendro.2024.126198.\">https:\/\/doi.org\/10.1016\/j.dendro.2024.126198.<\/a><\/li>\n<li><strong>Woszczycka M.<\/strong>, Gaidzik K.,\u00a0 Figueroa R.M.A.,\u00a0 Mendecki M.,\u00a0 Benavente C. 2024. Unraveling the Complex Interplay: Exploring the Relationships between Seismic and Volcanic Activities in the Colca River Area Using the Coulomb Stress Transfer.\u00a0Seismological Research Letters\u00a02024.\u00a0<a href=\"https:\/\/doi.org\/10.1785\/0220230261\">https:\/\/doi.org\/10.1785\/0220230261<\/a><\/li>\n<li>Moreno B., <strong>Sowa A.<\/strong>, Reginia K., Balazy P., Chelchowski M., Ronowicz M., Kuklinski P. 2024.\u00a0Sea water temperature and light intensity at high-Arctic subtidal shallows \u2013 16 years perspective.\u00a0Scientific Data\u00a011 (227). <a href=\"https:\/\/doi.org\/10.1038\/s41597-024-03054-0\">https:\/\/doi.org\/10.1038\/s41597-024-03054-0<\/a><\/li>\n<li>Singh G., Teng D., Turki H., Bouchard L.-F., Chen Y., Chugh M., Wen J., <strong>Chen E.Y.-S.<\/strong>, Bezerra P., Wu LB., Huang J., Wen Q., Hartzell Ch., Stroup B., Klinger M., Perez E.C., Virguez E., Kirshner S.N. Xu Ch., Sharma V. 2024. Changing outdated expectations. Science 383, (24-26). <a href=\"https:\/\/doi.org\/10.1126\/science.adn4211\">1126\/science.adn4211<\/a><\/li>\n<li><strong>Saghravani S.R.<\/strong>, Yosoff I., Vadiati M., Alias Y., Srecek O., Bhattacharya P. 2024. Multi-isotopic and hydrochemical evidence of water resources evolution and recharge estimation in the tropical coastal aquifer. Groundwater for Sustainaable Development, 24, 101065. <a href=\"https:\/\/doi.org\/10.1016\/j.gsd.2023.101065\">https:\/\/doi.org\/10.1016\/j.gsd.2023.101065<\/a><\/li>\n<\/ul>\n<p><strong>2023<\/strong><\/p>\n<ul>\n<li aria-level=\"1\"><strong>Csap\u00f3 H.K.<\/strong>, Jab\u0142o\u0144ska A,, W\u0119s\u0142awski J.M., Mieszkowska N., Gantsevich M., Dahl-Hansen I., Renaud P., Grabowski M. mtDNA data reveal disparate population structures and High Arctic colonization patterns in three intertidal invertebrates with contrasting life history traits. Sec. Marine Evolutionary Biology, Biogeography and Species Diversity 10, <a href=\"https:\/\/doi.org\/10.3389\/fmars.2023.1275320\">doi.org\/10.3389\/fmars.2023.1275320<\/a><\/li>\n<li style=\"font-weight: 400;\" aria-level=\"1\"><b>Khomenko D.,<\/b><span style=\"font-weight: 400;\"> Jelonek I. 2023. Study of a Low-Cost Method for Estimating Energy Fuel Resources in Anthropogenic Sediments. Management Systems in Production Engineering, 31 (4), 434-441.\u00a0<\/span><a href=\"https:\/\/doi.org\/10.2478\/mspe-2023-0049\"><span style=\"font-weight: 400;\">https:\/\/doi.org\/10.2478\/mspe-2023-0049<\/span><\/a><\/li>\n<li style=\"font-weight: 400;\" aria-level=\"1\"><span style=\"font-weight: 400;\">Romero-Ramirez A.,\u00a0<\/span><b>Morales Luna Hadrys L.,<\/b><span style=\"font-weight: 400;\">\u00a0Kuklinski P.,\u00a0Chelchowski M.,\u00a0Balazy P. 2023.<\/span><span style=\"font-weight: 400;\">\u00a0<\/span><span style=\"font-weight: 400;\">Image analysis and benthic ecology: Proceedings to analyze in situ long-term image series. Limnol Oceanogr Methods (21) 169-177.\u00a0<\/span><a href=\"https:\/\/doi.org\/10.1002\/lom3.10537\"><span style=\"font-weight: 400;\">https:\/\/doi.org\/10.1002\/lom3.10537<\/span><\/a><\/li>\n<li style=\"font-weight: 400;\" aria-level=\"1\"><span style=\"font-weight: 400;\">Assmy P., Kvernvik A.C., Hop H., Hoppe C.J.K., Chierici M., David T.D., Duarte P., Fransson A., Garc\u00eda L.M., <\/span><b>Patu\u0142a W.,<\/b><span style=\"font-weight: 400;\"> Kwa\u015bniewski S., Maturilli M., Pavlova O., Tatarek A., Wiktor J.M., Wold A., Wolf K., Bailey A.M. 2023. Seasonal plankton dynamics in Kongsfjorden during two years of contrasting environmental conditions. Progress in Oceanography 213, 102996. <\/span><a href=\"https:\/\/doi.org\/10.1016\/j.pocean.2023.102996\"><span style=\"font-weight: 400;\">https:\/\/doi.org\/10.1016\/j.pocean.2023.102996<\/span><\/a><\/li>\n<li style=\"font-weight: 400;\" aria-level=\"1\"><b>Saferna D.,<\/b><span style=\"font-weight: 400;\"> B\u0142aszczyk M., Grabiec M., i G\u0105dek B.A.,\u00a0Quantifying Changes in Extent and Velocity of the Hornbreen\/Hambergbreen Glacial System (SW, Spitsbergen) Based on Timeseries of Multispectral Satellite Imagery, Remote Sensing 15(14), 35<\/span><span style=\"font-weight: 400;\">29. <\/span><a href=\"https:\/\/doi.org\/10.3390\/rs15143529\"><span style=\"font-weight: 400;\">https:\/\/doi.org\/10.3390\/rs15143529<\/span><\/a><\/li>\n<li style=\"font-weight: 400;\" aria-level=\"1\"><b>Chen E.,<\/b><span style=\"font-weight: 400;\"> Trudnowska E., B\u0142achowiak-Samo\u0142yk K. 2023. It\u2019s a female\u2019s world: sex ratio of polar pelagic ostracods tested across multiple spatiotemporal scales. Journal of Plankton Research 45(5), 763-776. <\/span><a href=\"https:\/\/doi.org\/10.1093\/plankt\/fbad038\"><span style=\"font-weight: 400;\">https:\/\/doi.org\/10.1093\/plankt\/fbad038<\/span><\/a><\/li>\n<li style=\"font-weight: 400;\" aria-level=\"1\"><b>Podg\u00f3rski J.<\/b><span style=\"font-weight: 400;\">, P\u0119tlicki M., Fern\u00e1ndez A., Urrutia R., Kinnard Ch. 2023. Evaluating the impact of the Central Chile Mega Drought on debris cover, broadband albedo, and surface drainage system of a Dry Andes glacier. Science of The Total Environment 905, 166907. <\/span><a href=\"https:\/\/doi.org\/10.1016\/j.scitotenv.2023.166907\"><span style=\"font-weight: 400;\">https:\/\/doi.org\/10.1016\/j.scitotenv.2023.166907<\/span><\/a><span style=\"font-weight: 400;\">\u00a0<\/span><\/li>\n<li style=\"font-weight: 400;\" aria-level=\"1\"><b>Patu\u0142a W.<\/b><span style=\"font-weight: 400;\">, Ronowicz M., Weydmann-Zwolicka A. 2023. The interplay between predatory chaetognaths and zooplankton community in a high Arctic fjord. Estuarine, Coastal and Shelf Science 285, 108295,<\/span><span style=\"font-weight: 400;\"> https:\/\/doi.org\/10.1016\/j.ecss.2023.108295<\/span><span style=\"font-weight: 400;\">.<\/span><\/li>\n<li style=\"font-weight: 400;\" aria-level=\"1\"><b>Sowa A.<\/b><span style=\"font-weight: 400;\">, Kuklinski P., Weydmann-Zwolicka A., Balazy P., Chelchowski M., S\u00f8reide J.E., Ronowicz M. 2023. Factors shaping epibionts recruitment in the high Arctic (Isfjorden, Spitsbergen): A year-round investigation using experimental plates. Estuarine, Coastal and Shelf Science 283, 108281,<\/span> <a href=\"https:\/\/doi.org\/10.1016\/j.ecss.2023.108281\"><span style=\"font-weight: 400;\">https:\/\/doi.org\/10.1016\/j.ecss.2023.108281<\/span><\/a><span style=\"font-weight: 400;\">.<\/span><\/li>\n<li style=\"font-weight: 400;\" aria-level=\"1\"><span style=\"font-weight: 400;\">Iglikowska A., Przytarska J., Humphreys-Williams E., Najorka J., Che\u0142chowski M., <\/span><b>Sowa A.<\/b><span style=\"font-weight: 400;\">, Hop H., W\u0142odarska-Kowalczuk M., Kukli\u0144ski P. 2023. Shell mineralogy and chemistry \u2013 Arctic bivalves in a global context, Marine Pollution Bulletin 189, 114759,<\/span><span style=\"font-weight: 400;\"> https:\/\/doi.org\/10.1016\/j.marpolbul.2023.114759<\/span><span style=\"font-weight: 400;\">.<\/span><\/li>\n<li style=\"font-weight: 400;\" aria-level=\"1\"><b>Kachniarz K<\/b><span style=\"font-weight: 400;\">., Grabiec M., Ignatiuk D., Laska M., Luks B. 2023. Changes in the Structure of the Snow Cover of Hansbreen (S Spitsbergen) Derived from Repeated High-Frequency Radio-Echo Sounding. Remote Sensing 2023, 15(1), 189, <\/span><a href=\"http:\/\/dx.doi.org\/10.3390\/rs15010189\"><span style=\"font-weight: 400;\">DOI:10.3390\/rs15010189<\/span><\/a><span style=\"font-weight: 400;\">.\u00a0<\/span><\/li>\n<li style=\"font-weight: 400;\" aria-level=\"1\"><b>Godziek J.<\/b><span style=\"font-weight: 400;\">, Pawlik \u0141. 2023. Indicators of wind-driven forest disturbances \u2013 pit\u2013mound topography, its automatic detection and significance. Catena 221(A), 106757, <\/span><a href=\"https:\/\/doi.org\/10.1016\/j.catena.2022.106757\"><span style=\"font-weight: 400;\">https:\/\/doi.org\/10.1016\/j.catena.2022.106757<\/span><\/a><span style=\"font-weight: 400;\">\u00a0<\/span><\/li>\n<li style=\"font-weight: 400;\" aria-level=\"1\"><b>Alphonse A.B.<\/b><span style=\"font-weight: 400;\">, Wawrzyniak T., Osuch M., <\/span><b>Hanselmann N.<\/b><span style=\"font-weight: 400;\"> 2023. Applying UAV-Based Remote Sensing Observation Products in High Arctic Catchments in SW Spitsbergen.\u00a0Remote Sensing 2023; 15(4), 934. <\/span><a href=\"https:\/\/doi.org\/10.3390\/rs15040934\"><span style=\"font-weight: 400;\">https:\/\/doi.org\/10.3390\/rs15040934<\/span><\/a><span style=\"font-weight: 400;\">.\u00a0<\/span><\/li>\n<\/ul>\n<p><strong>2022<\/strong><\/p>\n<ul>\n<li style=\"font-weight: 400;\" aria-level=\"1\"><span style=\"font-weight: 400;\">Pyza M., Brzezi\u0144ska N., Kuli\u0144ska K., Gabor J.H., Barylski A.M., Anio\u0142ek K.S., Garczyk-Munda\u0142a \u017b.A., <\/span><b>Adebesin K.E.,<\/b><span style=\"font-weight: 400;\"> Swinarew A.S. 2022.\u00a0Polylactide-based composite materials for 3D printing and medical applications &#8211; the effect of basalt and silicon dioxide addition Engineering of Biomaterials \/ In\u017cynieria Biomateria\u0142\u00f3w 166, 29\u201339. <\/span><a href=\"https:\/\/doi.org\/10.34821\/eng.biomat.166.2022.29-39\"><span style=\"font-weight: 400;\">https:\/\/doi.org\/10.34821\/eng.biomat.166.2022.29-39<\/span><\/a><\/li>\n<li style=\"font-weight: 400;\" aria-level=\"1\"><span style=\"font-weight: 400;\">Osuch M., Wawrzyniak T., <\/span><b>Majerska M. <\/b><span style=\"font-weight: 400;\">2022. Changes in hydrological regime in High Arctic non-glaciated catchment in 1979\u20122020 using a multimodel approach. Advances in Climate Change Research 13(4), <\/span><a href=\"https:\/\/doi.org\/10.1016\/j.accre.2022.05.001\"><span style=\"font-weight: 400;\">https:\/\/doi.org\/10.1016\/j.accre.2022.05.001<\/span><\/a><span style=\"font-weight: 400;\">.<\/span><\/li>\n<li style=\"font-weight: 400;\" aria-level=\"1\"><b>Phulara M.<\/b><span style=\"font-weight: 400;\">, Opa\u0142a-Owczarek M., Owczarek P. 2022. Climatic Signals on Growth Ring Variation in Salix herbacea: Comparing Two Contrasting Sites in Iceland. Atmosphere 13(5), 718, <\/span><a href=\"https:\/\/doi.org\/10.3390\/atmos13050718\"><span style=\"font-weight: 400;\">https:\/\/doi.org\/10.3390\/atmos13050718<\/span><\/a><\/li>\n<li style=\"font-weight: 400;\" aria-level=\"1\"><b>Osika A<\/b><span style=\"font-weight: 400;\">., Jania J., Szafraniec J.E. 2022. Holocene ice-free strait followed by dynamic Neoglacial fluctuations: Hornsund, Svalbard. The Holocene 32 (7), 664-679. <\/span><a href=\"https:\/\/doi.org\/10.1177\/095968362210882\"><span style=\"font-weight: 400;\">https:\/\/doi.org\/10.1177\/095968362210882<\/span><\/a><\/li>\n<li style=\"font-weight: 400;\" aria-level=\"1\"><b>Chen E.Y.<\/b><span style=\"font-weight: 400;\">, Adams D.K. 2022. The evolution of neurosensation provides opportunities and constraints for phenotypic plasticity.\u00a0Scientific Reports\u00a012, 11883 (2022). <\/span><a href=\"https:\/\/doi.org\/10.1038\/s41598-022-15583-y\"><span style=\"font-weight: 400;\">https:\/\/doi.org\/10.1038\/s41598-022-15583-y<\/span><\/a><span style=\"font-weight: 400;\">\u00a0<\/span><\/li>\n<li style=\"font-weight: 400;\" aria-level=\"1\"><span style=\"font-weight: 400;\">Urba\u0144ski J., <\/span><b>Litwicka D.<\/b><span style=\"font-weight: 400;\"> 2022. The decline of Svalbard land-fast sea ice extent as a result of climate change. Oceanologia 64(3), 535-545. <\/span><a href=\"https:\/\/doi.org\/10.1016\/j.oceano.2022.03.008\"><span style=\"font-weight: 400;\">https:\/\/doi.org\/10.1016\/j.oceano.2022.03.008<\/span><\/a><\/li>\n<li style=\"font-weight: 400;\" aria-level=\"1\"><span style=\"font-weight: 400;\">Jakubas D., Wojczulanis-Jakubas K., <\/span><b>Szeligowska M.,<\/b><span style=\"font-weight: 400;\"> Darecki M., Boehnke R., Balazy K., Trudnowska E, Kidawa D., Grissot A., Descamps S., B\u0142achowiak-Samo\u0142yk K. 2022. Gone with the wind \u2013 Wind speed affects prey accessibility for a High Arctic zooplanktivorous seabird, the little auk Alle alle. Science of The Total Environment 852, 158533. <\/span><a href=\"https:\/\/doi.org\/10.1016\/j.scitotenv.2022.158533\"><span style=\"font-weight: 400;\">https:\/\/doi.org\/10.1016\/j.scitotenv.2022.158533<\/span><\/a><\/li>\n<li aria-level=\"1\"><b>Stachniak K. M.<\/b>, Sitek S., Ignatiuk D., Jania J.A. 2022.\u00a0<span lang=\"EN-GB\">Hydrogeological Model of the Forefield Drainage System of Werenskioldbreen, Svalbard, Water 14(9) 1514,\u00a0<\/span><a href=\"https:\/\/doi.org\/10.3390\/w14091514\" target=\"_blank\" rel=\"noopener noreferrer\"><span lang=\"EN-GB\">https:\/\/doi.org\/10.3390\/w14091514<\/span><\/a><\/li>\n<li style=\"font-weight: 400;\" aria-level=\"1\"><b>Szeligowska M.<\/b><span style=\"font-weight: 400;\">, Trudnowska E., Boehnke R., B\u0142achowiak-Samo\u0142yk K. 2022:\u00a0Dark plumes of glacial meltwater affect vertical distribution of zooplankton in the Arctic.\u00a0Scientific Report\u00a012, 17953 (2022). <\/span><a href=\"https:\/\/doi.org\/10.1038\/s41598-022-22475-8\"><span style=\"font-weight: 400;\">https:\/\/doi.org\/10.1038\/s41598-022-22475-8<\/span><\/a><span style=\"font-weight: 400;\">.\u00a0<\/span><\/li>\n<li style=\"font-weight: 400;\" aria-level=\"1\"><span style=\"font-weight: 400;\">Pawlik \u0141., <\/span><b>Godziek J.<\/b><span style=\"font-weight: 400;\">, Zawolik \u0141. 2022. Forest Damage by Extra-Tropical Cyclone Klaus-Modeling and Prediction.\u00a0Forests 2022, 13(12), 1991. <\/span><a href=\"https:\/\/doi.org\/10.3390\/f13121991\"><span style=\"font-weight: 400;\">https:\/\/doi.org\/10.3390\/f13121991<\/span><\/a><span style=\"font-weight: 400;\">.\u00a0<\/span><\/li>\n<\/ul>\n<p><strong>2021<\/strong><\/p>\n<ul>\n<li><strong>Szeligowska M.<\/strong>, Trudnowska E., Boehnke R., D\u0105browska A.M., Draga\u0144ska-Deja K., Deja K., Darecki M., B\u0142achowiak-Samo\u0142yk 2021. The interplay between plankton and particles in the Isfjorden waters influenced by marine- and land-terminating glaciers. Science of The Total Environment 780, 146491 (2021). <a href=\"https:\/\/doi.org\/10.1016\/j.scitotenv.2021.146491\">https:\/\/doi.org\/10.1016\/j.scitotenv.2021.146491<\/a><\/li>\n<li><strong>Rudnicka-K\u0119pa P.<\/strong>, Zaborska, A. 2021. Sources, fate and distribution of inorganic contaminants in the Svalbard area, representative of a typical Arctic critical environment \u2013 a review.\u00a0Environ Monit Assess\u00a0193,\u00a0724 (2021). <a href=\"https:\/\/doi.org\/10.1007\/s10661-021-09305-6\">https:\/\/doi.org\/10.1007\/s10661-021-09305-6<\/a><\/li>\n<li><strong>Csap\u00f3 H.K<\/strong>, Grabowski M., W\u0119s\u0142awski J.M. 2021. Coming home &#8211; Boreal ecosystem claims Atlantic sector of the Arctic. Science of The Total Environment 771, 144817 (2021). <a href=\"https:\/\/doi.org\/10.1016\/j.scitotenv.2020.144817\">https:\/\/doi.org\/10.1016\/j.scitotenv.2020.144817<\/a><\/li>\n<li>Posyniak M.A., Markowicz K.M., Czy\u017cewska D., Chili\u0144ski M., Makuch P., Zawadzka-Ma\u0144ko O., Kuci\u0119ba S., Kulesza K., <strong>Kachniarz K.<\/strong>, Mijal K., Borek K. 2021. Experimental study of smog microphysical and optical vertical structure in the Silesian Beskids, Poland. Atmospheric Pollution Research 12(9), 2021, 101171.\u00a0<a href=\"https:\/\/doi.org\/10.1016\/j.apr.2021.101171\">https:\/\/doi.org\/10.1016\/j.apr.2021.101171<\/a><\/li>\n<li>Weydmann-Zwolicka A., Balazy P., Kuklinski P., S\u00f8reide J.E., <strong>Patu\u0142a W.<\/strong>, Ronowicz M. 2021. Meroplankton seasonal dynamics in the high Arctic fjord: comparison of different sampling methods. Progress in Oceanography 190, 102484. <a href=\"https:\/\/doi.org\/10.1016\/j.pocean.2020.102484\">https:\/\/doi.org\/10.1016\/j.pocean.2020.102484<\/a><\/li>\n<\/ul>\n<p><strong>2020<\/strong><\/p>\n<ul>\n<li><strong>Podg\u00f3rski J.<\/strong>, P\u0119tlicki M., 2020. Detailed Lacustrine Calving Iceberg Inventory from very High Resolution Optical Imagery and Object-Based Image Analysis. Remote Sensing 12(11), <a href=\"https:\/\/doi.org\/10.3390\/rs12111807\">https:\/\/doi.org\/10.3390\/rs12111807<\/a><\/li>\n<li><strong>Szeligowska M.<\/strong>, Trudnowska E., Boehnke R., D\u0105browska A. M., Wiktor J. M., Sagan S., B\u0142achowiak-Samo\u0142yk K. 2020. Spatial Patterns of Particles and Planktonin the Warming Arctic Fjord (Isfjorden,West Spitsbergen) in Seven Consecutive Mid-Summers (2013\u20132019). Front. Mar. Sci. 7:584. <a href=\"https:\/\/doi.org\/10.3389\/fmars.2020.00584\">https:\/\/doi.org\/10.3389\/fmars.2020.00584<\/a><\/li>\n<li><strong>Csap\u00f3, H.<\/strong>, Krzywo\u017aniak, P., Grabowski, M., Wattier R., B\u0105cela-Spychalska K., Mamos T., Jeli\u0107\u00a0M., Rawicz T. 2020. Successful post-glacial colonization of Europe by single lineage of freshwater amphipod from its Pannonian Plio-Pleistocene diversification hotspot.\u00a0Scientific Reports\u00a010,\u00a018695 (2020). <a href=\"https:\/\/doi.org\/10.1038\/s41598-020-75568-7\">https:\/\/doi.org\/10.1038\/s41598-020-75568-7<\/a><\/li>\n<li>Zaborska A., Strzelewicz A.,\u00a0<strong>Rudnicka P.<\/strong>, Moskalik M. 2020. Processes driving heavy metal distribution in the seawater of an Arctic fjord (Hornsund, southern Spitsbergen), Marine Pollution Bulletin.\u00a0<a href=\"https:\/\/doi.org\/10.1016\/j.marpolbul.2020.11171\">https:\/\/doi.org\/10.1016\/j.marpolbul.2020.11171<\/a>9<\/li>\n<\/ul>\n","protected":false},"excerpt":{"rendered":"<p>Publications of the IEDS PhD candidates: 2025 Szymczycha, B., Diak, M., Hong, W., B\u00f6ttcher, M. E., Lepland, A., Makuch, P., Hietbrink, S. T., Saghravani, S. R., Sen, A., Winogradow,<\/p>\n<p><a class=\"more-link\" href=\"https:\/\/www.mssd.us.edu.pl\/en\/phd-students\/\">Read More<\/a><\/p>\n","protected":false},"author":1,"featured_media":0,"parent":0,"menu_order":0,"comment_status":"closed","ping_status":"closed","template":"","meta":{"footnotes":""},"class_list":["post-98","page","type-page","status-publish","hentry"],"_links":{"self":[{"href":"https:\/\/www.mssd.us.edu.pl\/en\/wp-json\/wp\/v2\/pages\/98","targetHints":{"allow":["GET"]}}],"collection":[{"href":"https:\/\/www.mssd.us.edu.pl\/en\/wp-json\/wp\/v2\/pages"}],"about":[{"href":"https:\/\/www.mssd.us.edu.pl\/en\/wp-json\/wp\/v2\/types\/page"}],"author":[{"embeddable":true,"href":"https:\/\/www.mssd.us.edu.pl\/en\/wp-json\/wp\/v2\/users\/1"}],"replies":[{"embeddable":true,"href":"https:\/\/www.mssd.us.edu.pl\/en\/wp-json\/wp\/v2\/comments?post=98"}],"version-history":[{"count":28,"href":"https:\/\/www.mssd.us.edu.pl\/en\/wp-json\/wp\/v2\/pages\/98\/revisions"}],"predecessor-version":[{"id":3092,"href":"https:\/\/www.mssd.us.edu.pl\/en\/wp-json\/wp\/v2\/pages\/98\/revisions\/3092"}],"wp:attachment":[{"href":"https:\/\/www.mssd.us.edu.pl\/en\/wp-json\/wp\/v2\/media?parent=98"}],"curies":[{"name":"wp","href":"https:\/\/api.w.org\/{rel}","templated":true}]}}